{"id":1000,"date":"2016-09-05T13:44:54","date_gmt":"2016-09-05T16:44:54","guid":{"rendered":"http:\/\/portomed.com\/site\/?page_id=1000"},"modified":"2026-04-22T16:16:51","modified_gmt":"2026-04-22T19:16:51","slug":"empresa","status":"publish","type":"page","link":"https:\/\/portomed.com\/site\/empresa\/","title":{"rendered":"Empresa"},"content":{"rendered":"[vc_row type=&#8221;full_width_background&#8221; scene_position=&#8221;center&#8221; text_color=&#8221;dark&#8221; text_align=&#8221;left&#8221; top_padding=&#8221;60&#8243; bottom_padding=&#8221;60&#8243; overlay_strength=&#8221;0.3&#8243;][vc_column column_padding=&#8221;no-extra-padding&#8221; column_padding_position=&#8221;all&#8221; background_color_opacity=&#8221;1&#8243; background_hover_color_opacity=&#8221;1&#8243; width=&#8221;2\/3&#8243;][vc_column_text]\n<h3>Fundada em 2001, a Portomed \u00e9 o distribuidor de Implantes Ortop\u00e9dicos l\u00edder no Rio Grande do Sul. Somos motivados em buscar os melhores cuidados em sa\u00fade e qualidade de vida para nossos pacientes.<\/h3>\n<p>Oferecemos uma gama diversificada de produtos e servi\u00e7os inovadores em Ortopedia e Traumatologia e em 2016, ampliamos nosso portf\u00f3lio para incluir a distribui\u00e7\u00e3o de produtos de Medicina Esportiva, buscando sempre a oferta de produtos eficientes e de qualidade.<\/p>\n<p>Acreditamos que nossas marcas fortes, ampla gama de produtos, foco em qualidade, inova\u00e7\u00e3o e servi\u00e7o ao cliente, ampla rede de distribui\u00e7\u00e3o e os nossos fortes relacionamentos com parceiros e fornecedores t\u00eam contribu\u00eddo para nossas posi\u00e7\u00f5es de lideran\u00e7a de mercado.<\/p>\n<p>Estamos localizados em <span style=\"color: #1d4980;\"><strong>Porto Alegre<\/strong><\/span> e <span style=\"color: #1d4980;\"><strong>Caxias do Sul<\/strong><\/span>, buscando atender com qualidade todo o estado do Rio Grande do Sul.[\/vc_column_text][\/vc_column][vc_column column_padding=&#8221;no-extra-padding&#8221; column_padding_position=&#8221;all&#8221; background_color_opacity=&#8221;1&#8243; background_hover_color_opacity=&#8221;1&#8243; width=&#8221;1\/3&#8243;]<div style=\"height: 35px;\" class=\"divider\"><\/div>[vc_text_separator title=&#8221;PORTO ALEGRE&#8221;][vc_column_text]\n<p style=\"text-align: center;\">Rua Costa, 238<br \/>\nBairro Menino Deus<br \/>\nCEP 90110-270<br \/>\nFONE: +55 (51) 3207-6061<\/p>\n[\/vc_column_text]<div style=\"height: 35px;\" class=\"divider\"><\/div>[vc_text_separator title=&#8221;CAXIAS DO SUL&#8221;][vc_column_text]\n<p style=\"text-align: center;\">Rua Vinte de Setembro, 2875, sala 302<br \/>\nBairro S\u00e3o Pelegrino<br \/>\nCEP 95020-450<br \/>\nFONE: +55 (54) 3771-1021<\/p>\n[\/vc_column_text][\/vc_column][\/vc_row][vc_row type=&#8221;in_container&#8221; scene_position=&#8221;center&#8221; text_color=&#8221;dark&#8221; text_align=&#8221;left&#8221; overlay_strength=&#8221;0.3&#8243;][vc_column column_padding=&#8221;no-extra-padding&#8221; column_padding_position=&#8221;all&#8221; background_color_opacity=&#8221;1&#8243; background_hover_color_opacity=&#8221;1&#8243; width=&#8221;1\/1&#8243;]<div style=\"margin-top: 0px; margin-bottom: 0px;\" class=\"divider-border\"><\/div>[\/vc_column][\/vc_row][vc_row type=&#8221;in_container&#8221; equal_height=&#8221;yes&#8221; scene_position=&#8221;center&#8221; text_color=&#8221;dark&#8221; text_align=&#8221;left&#8221; top_padding=&#8221;40&#8243; bottom_padding=&#8221;40&#8243; overlay_strength=&#8221;0.3&#8243;][vc_column boxed=&#8221;true&#8221; centered_text=&#8221;true&#8221; column_padding=&#8221;no-extra-padding&#8221; column_padding_position=&#8221;all&#8221; background_color_opacity=&#8221;1&#8243; background_hover_color_opacity=&#8221;1&#8243; width=&#8221;1\/3&#8243;][vc_column_text]\n<h3><strong><span style=\"color: #1d4980;\">MISS\u00c3O<\/span><\/strong><\/h3>\n<p>Atender com excel\u00eancia \u00e0s demandas dos clientes, pelo fornecimento e oferta de produtos inovadores e eficientes, que contribuam para a melhoria da qualidade de vida das pessoas, garantindo de forma \u00e9tica, a sustentabilidade dos nossos neg\u00f3cios.[\/vc_column_text][\/vc_column][vc_column boxed=&#8221;true&#8221; centered_text=&#8221;true&#8221; column_padding=&#8221;no-extra-padding&#8221; column_padding_position=&#8221;all&#8221; background_color_opacity=&#8221;1&#8243; background_hover_color_opacity=&#8221;1&#8243; width=&#8221;1\/3&#8243;][vc_column_text]\n<h3><strong><span style=\"color: #1d4980;\">VIS\u00c3O<\/span><\/strong><\/h3>\n<p>Crescer no mercado nacional sendo considerado parceiro de excel\u00eancia pelos clientes e nos pr\u00f3ximos 5 anos estar entre as principais empresas distribuidoras de produtos ortop\u00e9dicos e produtos de sa\u00fade. Queremos alcan\u00e7ar este objetivo atrav\u00e9s do fornecimento de produtos, servi\u00e7os e relacionamento de qualidade.[\/vc_column_text][\/vc_column][vc_column boxed=&#8221;true&#8221; centered_text=&#8221;true&#8221; column_padding=&#8221;no-extra-padding&#8221; column_padding_position=&#8221;all&#8221; background_color_opacity=&#8221;1&#8243; background_hover_color_opacity=&#8221;1&#8243; width=&#8221;1\/3&#8243;][vc_column_text]\n<h3><strong><span style=\"color: #1d4980;\">POL\u00cdTICA DA QUALIDADE<\/span><\/strong><\/h3>\n<p>A Portomed busca atender com excel\u00eancia \u00e0s demandas dos seus clientes e colaboradores, atrav\u00e9s da consolida\u00e7\u00e3o de uma Cultura de Qualidade e no constante aperfei\u00e7oamento dos seus processos e efic\u00e1cia dos seus sistemas de Qualidade e Compliance.[\/vc_column_text][\/vc_column][\/vc_row][vc_row type=&#8221;in_container&#8221; scene_position=&#8221;center&#8221; text_color=&#8221;dark&#8221; text_align=&#8221;left&#8221; overlay_strength=&#8221;0.3&#8243;][vc_column column_padding=&#8221;no-extra-padding&#8221; column_padding_position=&#8221;all&#8221; background_color_opacity=&#8221;1&#8243; background_hover_color_opacity=&#8221;1&#8243; width=&#8221;1\/1&#8243;][vc_gallery type=&#8221;flexslider_style&#8221; images=&#8221;3312,3313,3315,3318,3317,3316,3314,3319,3320&#8243; onclick=&#8221;link_no&#8221; img_size=&#8221;1875&#215;1057&#8243;][\/vc_column][\/vc_row][vc_row type=&#8221;full_width_background&#8221; bg_color=&#8221;#eaeaea&#8221; scene_position=&#8221;center&#8221; text_color=&#8221;dark&#8221; text_align=&#8221;left&#8221; top_padding=&#8221;40&#8243; bottom_padding=&#8221;40&#8243; overlay_strength=&#8221;0.3&#8243;][vc_column column_padding=&#8221;no-extra-padding&#8221; column_padding_position=&#8221;all&#8221; background_color_opacity=&#8221;1&#8243; background_hover_color_opacity=&#8221;1&#8243; width=&#8221;1\/1&#8243;][vc_column_text]\n<h2 style=\"text-align: center;\">PARCEIROS<\/h2>\n[\/vc_column_text][clients columns=&#8221;4&#8243; carousel=&#8221;true&#8221;][client image=&#8221;1024&#8243; url=&#8221;http:\/\/www.zimmerbiomet.com&#8221; title=&#8221;Client&#8221; name=&#8221;Zimmer Biomet&#8221; tab_id=&#8221;1473093870592-1&#8243; id=&#8221;1485177652599-10&#8243;][\/client][client image=&#8221;1705&#8243; title=&#8221;Client&#8221; tab_id=&#8221;1476988826501-7&#8243; url=&#8221;http:\/\/www.iolimplantes.com.br\/&#8221; name=&#8221;Iol Implantes&#8221; id=&#8221;1485189596982-4&#8243;][\/client][client image=&#8221;1703&#8243; title=&#8221;Client&#8221; tab_id=&#8221;1477003724453-4&#8243; url=&#8221;http:\/\/www.impol.com.br\/&#8221; name=&#8221;Impol&#8221; id=&#8221;1485189597003-0&#8243;][\/client][client image=&#8221;1702&#8243; title=&#8221;Client&#8221; tab_id=&#8221;1476815904319-7&#8243; url=&#8221;www.metabio.com.br&#8221; name=&#8221;Meta Bio&#8221; id=&#8221;1485189597027-5&#8243;][\/client][client image=&#8221;1704&#8243; title=&#8221;Client&#8221; tab_id=&#8221;1477003905616-2&#8243; url=&#8221;http:\/\/www.incomepe.com.br\/&#8221; name=&#8221;Incomepe&#8221; id=&#8221;1485189597046-1&#8243;][\/client][\/clients][\/vc_column][\/vc_row]\n","protected":false},"excerpt":{"rendered":"<p>[vc_row type=&#8221;full_width_background&#8221; scene_position=&#8221;center&#8221; text_color=&#8221;dark&#8221; text_align=&#8221;left&#8221; top_padding=&#8221;60&#8243; bottom_padding=&#8221;60&#8243; overlay_strength=&#8221;0.3&#8243;][vc_column column_padding=&#8221;no-extra-padding&#8221; column_padding_position=&#8221;all&#8221; background_color_opacity=&#8221;1&#8243; background_hover_color_opacity=&#8221;1&#8243; width=&#8221;2\/3&#8243;][vc_column_text] Fundada em 2001, a Portomed \u00e9 o distribuidor de Implantes Ortop\u00e9dicos l\u00edder no Rio Grande do Sul&#8230;.<\/p>\n","protected":false},"author":1,"featured_media":0,"parent":0,"menu_order":0,"comment_status":"open","ping_status":"open","template":"","meta":{"footnotes":""},"_links":{"self":[{"href":"https:\/\/portomed.com\/site\/wp-json\/wp\/v2\/pages\/1000"}],"collection":[{"href":"https:\/\/portomed.com\/site\/wp-json\/wp\/v2\/pages"}],"about":[{"href":"https:\/\/portomed.com\/site\/wp-json\/wp\/v2\/types\/page"}],"author":[{"embeddable":true,"href":"https:\/\/portomed.com\/site\/wp-json\/wp\/v2\/users\/1"}],"replies":[{"embeddable":true,"href":"https:\/\/portomed.com\/site\/wp-json\/wp\/v2\/comments?post=1000"}],"version-history":[{"count":54,"href":"https:\/\/portomed.com\/site\/wp-json\/wp\/v2\/pages\/1000\/revisions"}],"predecessor-version":[{"id":1002,"href":"https:\/\/portomed.com\/site\/wp-json\/wp\/v2\/pages\/1000\/revisions\/1002"}],"wp:attachment":[{"href":"https:\/\/portomed.com\/site\/wp-json\/wp\/v2\/media?parent=1000"}],"curies":[{"name":"wp","href":"https:\/\/api.w.org\/{rel}","templated":true}]}}