{"id":1073,"date":"2016-09-11T23:54:19","date_gmt":"2016-09-12T02:54:19","guid":{"rendered":"http:\/\/portomed.com\/site\/?page_id=1073"},"modified":"2021-09-28T18:32:47","modified_gmt":"2021-09-28T21:32:47","slug":"compliance","status":"publish","type":"page","link":"https:\/\/portomed.com\/site\/compliance\/","title":{"rendered":"Compliance"},"content":{"rendered":"[vc_row type=&#8221;in_container&#8221; scene_position=&#8221;center&#8221; text_color=&#8221;dark&#8221; text_align=&#8221;left&#8221; top_padding=&#8221;50&#8243; overlay_strength=&#8221;0.3&#8243;][vc_column column_padding=&#8221;no-extra-padding&#8221; column_padding_position=&#8221;all&#8221; background_color_opacity=&#8221;1&#8243; background_hover_color_opacity=&#8221;1&#8243; width=&#8221;2\/3&#8243;][vc_column_text]\n<h3>A Portomed, focada nos valores morais e \u00e9ticos que norteiam sua gest\u00e3o, defende de forma incondicional a pr\u00e1tica de condutas \u00e9ticas, pois acredita que uma sociedade sustent\u00e1vel s\u00f3 se constr\u00f3i quando h\u00e1 confian\u00e7a, integridade e respeito pelas pessoas e pelo cumprimento das leis, dos seus c\u00f3digos e das suas pol\u00edticas.<\/h3>\n[\/vc_column_text]<div style=\"height: 30px;\" class=\"divider\"><\/div>[vc_column_text]Por isso, todas as rela\u00e7\u00f5es da Portomed s\u00e3o pautadas por elevados padr\u00f5es \u00e9ticos, expressos em nosso C\u00f3digo de \u00c9tica e Conduta, que aponta regras a serem observadas pelos Diretores, Gestores, Colaboradores, Estagi\u00e1rios e Prestadores de Servi\u00e7os no relacionamento com a pr\u00f3pria empresa, com seus colegas de trabalho e com pessoas que t\u00eam algum tipo de v\u00ednculo com a Portomed.<\/p>\n<p>A implementa\u00e7\u00e3o da \u00e1rea de Compliance na empresa refor\u00e7a seu compromisso com as melhores pr\u00e1ticas de governan\u00e7a corporativa e a total transpar\u00eancia em suas rela\u00e7\u00f5es comerciais.[\/vc_column_text][\/vc_column][vc_column column_padding=&#8221;no-extra-padding&#8221; column_padding_position=&#8221;all&#8221; background_color_opacity=&#8221;1&#8243; background_hover_color_opacity=&#8221;1&#8243; width=&#8221;1\/3&#8243;][vc_column_text]\n<h5 style=\"text-align: center;\">C\u00f3digo de \u00c9tica e Conduta<\/h5>\n<p style=\"text-align: center;\"><a class=\"nectar-button medium accent-color regular-button\" target=\"_blank\" href=\"https:\/\/portomed.com\/site\/wp-content\/uploads\/2021\/09\/NF-00-REV-01-CODIGO-DE-CONDUTA-E-ETICA.pdf\" data-color-override=\"false\" data-hover-color-override=\"false\" data-hover-text-color-override=\"#fff\"><span>Fa\u00e7a Download do PDF<\/span> <\/a><\/p>\n<h5 style=\"text-align: center;\"><span class=\"tituloint\">Fa\u00e7a a Sua Den\u00fancia<\/span><\/h5>\n<p style=\"text-align: center;\"><a class=\"nectar-button medium accent-color regular-button\"  href=\"https:\/\/portomed.com\/site\/compliance\/canal-de-denuncias\/\" data-color-override=\"false\" data-hover-color-override=\"false\" data-hover-text-color-override=\"#fff\"><span>Canal de Den\u00fancias<\/span> <\/a><\/p>\n[\/vc_column_text][\/vc_column][\/vc_row][vc_row type=&#8221;in_container&#8221; scene_position=&#8221;center&#8221; text_color=&#8221;dark&#8221; text_align=&#8221;left&#8221; overlay_strength=&#8221;0.3&#8243;][vc_column column_padding=&#8221;no-extra-padding&#8221; column_padding_position=&#8221;all&#8221; background_color_opacity=&#8221;1&#8243; background_hover_color_opacity=&#8221;1&#8243; width=&#8221;1\/1&#8243;]<div style=\"margin-top: 0px; margin-bottom: 0px;\" class=\"divider-border\"><\/div><div style=\"height: 30px;\" class=\"divider\"><\/div>[vc_column_text]\n<h2 style=\"text-align: center;\">PRINC\u00cdPIOS \u00c9TICOS<\/h2>\n[\/vc_column_text][\/vc_column][\/vc_row][vc_row type=&#8221;in_container&#8221; scene_position=&#8221;center&#8221; text_color=&#8221;dark&#8221; text_align=&#8221;left&#8221; overlay_strength=&#8221;0.3&#8243;][vc_column column_padding=&#8221;no-extra-padding&#8221; column_padding_position=&#8221;all&#8221; background_color_opacity=&#8221;1&#8243; background_hover_color_opacity=&#8221;1&#8243; width=&#8221;1\/1&#8243;]<div class=\"toggles \"><div class=\"toggle default\"><h3><a href=\"#\"><i class=\"icon-plus-sign\"><\/i>\u00c9tica e Integridade<\/a><\/h3><div>[vc_column_text]Atuar de forma \u00edntegra utilizando padr\u00f5es \u00e9ticos e morais e a observ\u00e2ncia das normas legais em vigor.[\/vc_column_text]<\/div><\/div><div class=\"toggle default\"><h3><a href=\"#\"><i class=\"icon-plus-sign\"><\/i>Transpar\u00eancia<\/a><\/h3><div>[vc_column_text]Conduzir os neg\u00f3cios de acordo com as premissas \u00e9ticas e morais.[\/vc_column_text]<\/div><\/div><div class=\"toggle default\"><h3><a href=\"#\"><i class=\"icon-plus-sign\"><\/i>Excel\u00eancia, Conhecimento e Inova\u00e7\u00e3o<\/a><\/h3><div>[vc_column_text]Garantir a qualidade de produtos, servi\u00e7os e relacionamentos, investindo continuamente no aperfei\u00e7oamento de seus profissionais e na inova\u00e7\u00e3o de seus processos.[\/vc_column_text]<\/div><\/div><div class=\"toggle default\"><h3><a href=\"#\"><i class=\"icon-plus-sign\"><\/i>Confidencialidade e Sigilo das Informa\u00e7\u00f5es<\/a><\/h3><div>[vc_column_text]Manter a confidencialidade de toda e qualquer informa\u00e7\u00e3o obtida.[\/vc_column_text]<\/div><\/div><div class=\"toggle default\"><h3><a href=\"#\"><i class=\"icon-plus-sign\"><\/i>Sustentabilidade<\/a><\/h3><div>[vc_column_text]Conduzir os neg\u00f3cios com respeito e responsabilidade ao meio ambiente, buscando a melhora na qualidade de vida de todos.[\/vc_column_text]<\/div><\/div><div class=\"toggle default\"><h3><a href=\"#\"><i class=\"icon-plus-sign\"><\/i>Observ\u00e2ncia das Pr\u00e1ticas Concorrenciais<\/a><\/h3><div>[vc_column_text]Respeitar os concorrentes, pautando suas a\u00e7\u00f5es nas boas pr\u00e1ticas concorrenciais.[\/vc_column_text]<\/div><\/div><div class=\"toggle default\"><h3><a href=\"#\"><i class=\"icon-plus-sign\"><\/i>Respeito ao Ambiente de trabalho<\/a><\/h3><div>[vc_column_text]Buscar o bem estar dos seus colaboradores e a satisfa\u00e7\u00e3o dos clientes em primeiro lugar.[\/vc_column_text]<\/div><\/div><\/div>[\/vc_column][\/vc_row]\n","protected":false},"excerpt":{"rendered":"<p>[vc_row type=&#8221;in_container&#8221; scene_position=&#8221;center&#8221; text_color=&#8221;dark&#8221; text_align=&#8221;left&#8221; top_padding=&#8221;50&#8243; overlay_strength=&#8221;0.3&#8243;][vc_column column_padding=&#8221;no-extra-padding&#8221; column_padding_position=&#8221;all&#8221; background_color_opacity=&#8221;1&#8243; background_hover_color_opacity=&#8221;1&#8243; width=&#8221;2\/3&#8243;][vc_column_text] A Portomed, focada nos valores morais e \u00e9ticos que norteiam sua gest\u00e3o, defende de forma incondicional a pr\u00e1tica&#8230;<\/p>\n","protected":false},"author":1,"featured_media":0,"parent":0,"menu_order":0,"comment_status":"closed","ping_status":"closed","template":"","meta":{"footnotes":""},"_links":{"self":[{"href":"https:\/\/portomed.com\/site\/wp-json\/wp\/v2\/pages\/1073"}],"collection":[{"href":"https:\/\/portomed.com\/site\/wp-json\/wp\/v2\/pages"}],"about":[{"href":"https:\/\/portomed.com\/site\/wp-json\/wp\/v2\/types\/page"}],"author":[{"embeddable":true,"href":"https:\/\/portomed.com\/site\/wp-json\/wp\/v2\/users\/1"}],"replies":[{"embeddable":true,"href":"https:\/\/portomed.com\/site\/wp-json\/wp\/v2\/comments?post=1073"}],"version-history":[{"count":21,"href":"https:\/\/portomed.com\/site\/wp-json\/wp\/v2\/pages\/1073\/revisions"}],"predecessor-version":[{"id":3062,"href":"https:\/\/portomed.com\/site\/wp-json\/wp\/v2\/pages\/1073\/revisions\/3062"}],"wp:attachment":[{"href":"https:\/\/portomed.com\/site\/wp-json\/wp\/v2\/media?parent=1073"}],"curies":[{"name":"wp","href":"https:\/\/api.w.org\/{rel}","templated":true}]}}