{"id":1094,"date":"2016-09-12T00:38:24","date_gmt":"2016-09-12T03:38:24","guid":{"rendered":"http:\/\/portomed.com\/site\/?page_id=1094"},"modified":"2016-09-13T23:17:27","modified_gmt":"2016-09-14T02:17:27","slug":"canal-de-denuncias","status":"publish","type":"page","link":"https:\/\/portomed.com\/site\/compliance\/canal-de-denuncias\/","title":{"rendered":"Canal de Den\u00fancias"},"content":{"rendered":"[vc_row type=&#8221;in_container&#8221; scene_position=&#8221;center&#8221; text_color=&#8221;dark&#8221; text_align=&#8221;left&#8221; top_padding=&#8221;50&#8243; bottom_padding=&#8221;60&#8243; overlay_strength=&#8221;0.3&#8243;][vc_column column_padding=&#8221;no-extra-padding&#8221; column_padding_position=&#8221;all&#8221; background_color_opacity=&#8221;1&#8243; background_hover_color_opacity=&#8221;1&#8243; width=&#8221;2\/3&#8243;][vc_column_text]\n<h3>O que \u00e9 o Canal de Den\u00fancias da Portomed?<\/h3>\n<p>O nosso Canal de Den\u00fancias \u00e9 uma forma segura de comunica\u00e7\u00e3o que voc\u00ea pode utilizar para relatar situa\u00e7\u00f5es contr\u00e1rias ao C\u00f3digo de \u00c9tica e Conduta da Portomed.<\/p>\n<h3>Quem pode utilizar o Canal de Den\u00fancias Portomed?<\/h3>\n<p>O nosso Canal de Den\u00fancias pode ser utilizado por diretores, colaboradores, estagi\u00e1rios e aprendizes quando a servi\u00e7o de qualquer uma das empresas Portomed, e por fornecedores e terceiros (agentes, consultores e representantes) que tenham contrato a Portomed.<\/p>\n<h3>O que deve ser informado no Canal de Den\u00fancias Portomed?<\/h3>\n<p>O Canal de Den\u00fancias deve ser utilizado para comunicar problemas sobre a conduta \u00e9tica inadequada, tais como: fraude, corrup\u00e7\u00e3o, discrimina\u00e7\u00e3o, ass\u00e9dio, atos il\u00edcitos e qualquer outra viola\u00e7\u00e3o ao C\u00f3digo de \u00c9tica e Conduta da Portomed.<\/p>\n<p>Quando relatar uma den\u00fancia, inclua o m\u00e1ximo de informa\u00e7\u00f5es e detalhes poss\u00edveis (exemplos: o qu\u00ea, quando, quem, como, quanto, onde e por qu\u00ea?), incluindo evid\u00eancias formais e nome de testemunhas que presenciaram os fatos que est\u00e1 denunciando. Den\u00fancias vagas, n\u00e3o espec\u00edficas ou sem comprova\u00e7\u00e3o do ocorrido podem dificultar ou inviabilizar a apura\u00e7\u00e3o.<\/p>\n<h5>IMPORTANTE: O(A) denunciante \u00e9 respons\u00e1vel pela veracidade das informa\u00e7\u00f5es relatadas e que, caso seja detectado o mau uso deste canal de comunica\u00e7\u00e3o, ele(a) estar\u00e1 sujeito(a) \u00e0s san\u00e7\u00f5es cab\u00edveis.<\/h5>\n<p>Caso o motivo da sua comunica\u00e7\u00e3o n\u00e3o for nenhuma das citadas acima, entre em contato conosco atrav\u00e9s do nosso formul\u00e1rio de contato.[\/vc_column_text][\/vc_column][vc_column column_padding=&#8221;padding-5-percent&#8221; column_padding_position=&#8221;left&#8221; background_color_opacity=&#8221;1&#8243; background_hover_color_opacity=&#8221;1&#8243; width=&#8221;1\/3&#8243;][vc_column_text]<strong style=\"font-size: 0.8em;\">CONFIDENCIALIDADE<\/strong><br \/>\n<span style=\"font-size: 0.8em;\">Todas as informa\u00e7\u00f5es e den\u00fancias aqui registradas ser\u00e3o tratadas de forma confidencial, e sua veracidade e eventuais a\u00e7\u00f5es tomadas s\u00e3o de responsabilidade do departamento de Compliance da Portomed.<\/span><\/p>\n<p><strong style=\"font-size: 0.8em;\">IDENTIFICA\u00c7\u00c3O<\/strong><br \/>\n<span style=\"font-size: 0.8em;\">Voc\u00ea pode escolher fazer uma den\u00fancia an\u00f4nima ou pode identificar-se. A op\u00e7\u00e3o identificada \u00e9 voltada para os casos em que o relator se disponibiliza a ser contatado para esclarecimento de poss\u00edveis d\u00favidas sobre o relato fornecido. Relatos com identifica\u00e7\u00e3o s\u00e3o muito importantes, pois podem fazer com que a apura\u00e7\u00e3o seja mais efetiva. Lembramos que este \u00e9 um canal seguro e confi\u00e1vel.<\/span>[\/vc_column_text]<div style=\"height: 30px;\" class=\"divider\"><\/div>[vc_column_text]\n<h5 style=\"text-align: center;\">Fazer den\u00fancia com identifica\u00e7\u00e3o:<\/h5>\n<p style=\"text-align: center;\"><a class=\"nectar-button large accent-color regular-button\"  href=\"https:\/\/portomed.com\/site\/compliance\/canal-de-denuncias\/compliance-denuncia\/\" data-color-override=\"false\" data-hover-color-override=\"false\" data-hover-text-color-override=\"#fff\"><span>DEN\u00daNCIA INDENTIFICADA<\/span> <\/a><\/p>\n<h5 style=\"text-align: center;\">Fazer den\u00fancia an\u00f4nima:<\/h5>\n<p style=\"text-align: center;\"><a class=\"nectar-button large accent-color regular-button\"  href=\"https:\/\/portomed.com\/site\/compliance\/canal-de-denuncias\/compliance-denuncia-sem-identificacao\/\" data-color-override=\"false\" data-hover-color-override=\"false\" data-hover-text-color-override=\"#fff\"><span>DEN\u00daNCIA AN\u00d4NIMA<\/span> <\/a><\/p>\n[\/vc_column_text][\/vc_column][\/vc_row]\n","protected":false},"excerpt":{"rendered":"<p>[vc_row type=&#8221;in_container&#8221; scene_position=&#8221;center&#8221; text_color=&#8221;dark&#8221; text_align=&#8221;left&#8221; top_padding=&#8221;50&#8243; bottom_padding=&#8221;60&#8243; overlay_strength=&#8221;0.3&#8243;][vc_column column_padding=&#8221;no-extra-padding&#8221; column_padding_position=&#8221;all&#8221; background_color_opacity=&#8221;1&#8243; background_hover_color_opacity=&#8221;1&#8243; width=&#8221;2\/3&#8243;][vc_column_text] O que \u00e9 o Canal de Den\u00fancias da Portomed? O nosso Canal de Den\u00fancias \u00e9 uma forma&#8230;<\/p>\n","protected":false},"author":1,"featured_media":0,"parent":1073,"menu_order":0,"comment_status":"closed","ping_status":"closed","template":"","meta":{"footnotes":""},"_links":{"self":[{"href":"https:\/\/portomed.com\/site\/wp-json\/wp\/v2\/pages\/1094"}],"collection":[{"href":"https:\/\/portomed.com\/site\/wp-json\/wp\/v2\/pages"}],"about":[{"href":"https:\/\/portomed.com\/site\/wp-json\/wp\/v2\/types\/page"}],"author":[{"embeddable":true,"href":"https:\/\/portomed.com\/site\/wp-json\/wp\/v2\/users\/1"}],"replies":[{"embeddable":true,"href":"https:\/\/portomed.com\/site\/wp-json\/wp\/v2\/comments?post=1094"}],"version-history":[{"count":14,"href":"https:\/\/portomed.com\/site\/wp-json\/wp\/v2\/pages\/1094\/revisions"}],"predecessor-version":[{"id":1120,"href":"https:\/\/portomed.com\/site\/wp-json\/wp\/v2\/pages\/1094\/revisions\/1120"}],"up":[{"embeddable":true,"href":"https:\/\/portomed.com\/site\/wp-json\/wp\/v2\/pages\/1073"}],"wp:attachment":[{"href":"https:\/\/portomed.com\/site\/wp-json\/wp\/v2\/media?parent=1094"}],"curies":[{"name":"wp","href":"https:\/\/api.w.org\/{rel}","templated":true}]}}