{"id":26,"date":"2013-03-23T13:06:18","date_gmt":"2013-03-23T13:06:18","guid":{"rendered":"http:\/\/themenectar.com\/demo\/salient\/?page_id=26"},"modified":"2018-06-04T12:52:36","modified_gmt":"2018-06-04T15:52:36","slug":"contato","status":"publish","type":"page","link":"https:\/\/portomed.com\/site\/contato\/","title":{"rendered":"Contato"},"content":{"rendered":"[vc_row type=&#8221;in_container&#8221; scene_position=&#8221;center&#8221; text_color=&#8221;dark&#8221; text_align=&#8221;left&#8221; top_padding=&#8221;50&#8243; overlay_strength=&#8221;0.3&#8243;][vc_column column_padding=&#8221;no-extra-padding&#8221; column_padding_position=&#8221;all&#8221; background_color_opacity=&#8221;1&#8243; background_hover_color_opacity=&#8221;1&#8243; width=&#8221;2\/3&#8243;][vc_column_text]<div role=\"form\" class=\"wpcf7\" id=\"wpcf7-f5-o1\" lang=\"pt-BR\" dir=\"ltr\">\n<div class=\"screen-reader-response\"><p role=\"status\" aria-live=\"polite\" aria-atomic=\"true\"><\/p> <ul><\/ul><\/div>\n<form action=\"\/site\/wp-json\/wp\/v2\/pages\/26#wpcf7-f5-o1\" method=\"post\" class=\"wpcf7-form init\" novalidate=\"novalidate\" data-status=\"init\">\n<div style=\"display: none;\">\n<input type=\"hidden\" name=\"_wpcf7\" value=\"5\" \/>\n<input type=\"hidden\" name=\"_wpcf7_version\" value=\"5.3\" \/>\n<input type=\"hidden\" name=\"_wpcf7_locale\" value=\"pt_BR\" \/>\n<input type=\"hidden\" name=\"_wpcf7_unit_tag\" value=\"wpcf7-f5-o1\" \/>\n<input type=\"hidden\" name=\"_wpcf7_container_post\" value=\"0\" \/>\n<input type=\"hidden\" name=\"_wpcf7_posted_data_hash\" value=\"\" \/>\n<\/div>\n<p>Nome *<br \/>\n    <span class=\"wpcf7-form-control-wrap your-name\"><input type=\"text\" name=\"your-name\" value=\"\" size=\"40\" class=\"wpcf7-form-control wpcf7-text wpcf7-validates-as-required\" aria-required=\"true\" aria-invalid=\"false\" \/><\/span> <\/p>\n<p>E-mail *<br \/>\n    <span class=\"wpcf7-form-control-wrap your-email\"><input type=\"email\" name=\"your-email\" value=\"\" size=\"40\" class=\"wpcf7-form-control wpcf7-text wpcf7-email wpcf7-validates-as-required wpcf7-validates-as-email\" aria-required=\"true\" aria-invalid=\"false\" \/><\/span> <\/p>\n<p>Telefone<br \/>\n<span class=\"wpcf7-form-control-wrap telefone\"><input type=\"tel\" name=\"telefone\" value=\"\" size=\"40\" class=\"wpcf7-form-control wpcf7-text wpcf7-tel wpcf7-validates-as-tel\" aria-invalid=\"false\" \/><\/span><\/p>\n<p>\u00c1rea*<br \/>\n<span class=\"wpcf7-form-control-wrap destino\"><select name=\"destino\" class=\"wpcf7-form-control wpcf7-select wpcf7-validates-as-required\" aria-required=\"true\" aria-invalid=\"false\"><option value=\"Informa\u00e7\u00f5es Gerais, D\u00favidas ou Reclama\u00e7\u00f5es\">Informa\u00e7\u00f5es Gerais, D\u00favidas ou Reclama\u00e7\u00f5es<\/option><option value=\"Atendimento ao Cliente (Pedidos)\">Atendimento ao Cliente (Pedidos)<\/option><option value=\"Atendimento \u00e0 Fornecedores (Compras)\">Atendimento \u00e0 Fornecedores (Compras)<\/option><option value=\"Respons\u00e1vel T\u00e9cnica\/Regulat\u00f3rio\">Respons\u00e1vel T\u00e9cnica\/Regulat\u00f3rio<\/option><option value=\"Patroc\u00ednios e Doa\u00e7\u00f5es\">Patroc\u00ednios e Doa\u00e7\u00f5es<\/option><\/select><\/span><\/p>\n<p>Assunto<br \/>\n    <span class=\"wpcf7-form-control-wrap your-subject\"><input type=\"text\" name=\"your-subject\" value=\"\" size=\"40\" class=\"wpcf7-form-control wpcf7-text\" aria-invalid=\"false\" \/><\/span> <\/p>\n<p>Mensagem<br \/>\n    <span class=\"wpcf7-form-control-wrap your-message\"><textarea name=\"your-message\" cols=\"40\" rows=\"10\" class=\"wpcf7-form-control wpcf7-textarea\" aria-invalid=\"false\"><\/textarea><\/span> <\/p>\n<p><span class=\"wpcf7-form-control-wrap quiz-807\"><label><span class=\"wpcf7-quiz-label\">7+2<\/span> <input type=\"text\" name=\"quiz-807\" size=\"40\" class=\"wpcf7-form-control wpcf7-quiz\" autocomplete=\"off\" aria-required=\"true\" aria-invalid=\"false\" \/><\/label><input type=\"hidden\" name=\"_wpcf7_quiz_answer_quiz-807\" value=\"ef36f77a116c9def07a26c0db46e7f75\" \/><\/span><\/p>\n<p><input type=\"submit\" value=\"Enviar\" class=\"wpcf7-form-control wpcf7-submit\" \/><\/p>\n<p style=\"font-size:0.7em\">* Campos Obrigat\u00f3rios<\/p>\n<div class=\"wpcf7-response-output\" aria-hidden=\"true\"><\/div><\/form><\/div>[\/vc_column_text][\/vc_column][vc_column column_padding=&#8221;no-extra-padding&#8221; column_padding_position=&#8221;all&#8221; background_color_opacity=&#8221;1&#8243; background_hover_color_opacity=&#8221;1&#8243; width=&#8221;1\/3&#8243;]<div style=\"height: 35px;\" class=\"divider\"><\/div>[vc_text_separator title=&#8221;PORTO ALEGRE&#8221; el_class=&#8221;portoalegre&#8221;][vc_column_text]\n<p style=\"text-align: center;\">Rua Costa, 238<br \/>\nBairro Menino Deus<br \/>\nCEP 90110-270<br \/>\nFONE: +55 (51) 3207-6061<\/p>\n[\/vc_column_text]<div style=\"height: 35px;\" class=\"divider\"><\/div>[vc_text_separator title=&#8221;CAXIAS DO SUL&#8221;][vc_column_text]\n<p style=\"text-align: center;\">Rua Moreira C\u00e9sar, 2650 Sala 1708<br \/>\nBairro Centro<br \/>\nCEP 95034-000<br \/>\nFONE: +55 (54) 3771-1021<\/p>\n[\/vc_column_text][\/vc_column][\/vc_row]\n","protected":false},"excerpt":{"rendered":"<p>[vc_row type=&#8221;in_container&#8221; scene_position=&#8221;center&#8221; text_color=&#8221;dark&#8221; text_align=&#8221;left&#8221; top_padding=&#8221;50&#8243; overlay_strength=&#8221;0.3&#8243;][vc_column column_padding=&#8221;no-extra-padding&#8221; column_padding_position=&#8221;all&#8221; background_color_opacity=&#8221;1&#8243; background_hover_color_opacity=&#8221;1&#8243; width=&#8221;2\/3&#8243;][vc_column_text][\/vc_column_text][\/vc_column][vc_column column_padding=&#8221;no-extra-padding&#8221; column_padding_position=&#8221;all&#8221; background_color_opacity=&#8221;1&#8243; background_hover_color_opacity=&#8221;1&#8243; width=&#8221;1\/3&#8243;][vc_text_separator title=&#8221;PORTO ALEGRE&#8221; el_class=&#8221;portoalegre&#8221;][vc_column_text] Rua Costa, 238 Bairro Menino Deus CEP 90110-270 FONE: +55&#8230;<\/p>\n","protected":false},"author":1,"featured_media":0,"parent":0,"menu_order":0,"comment_status":"open","ping_status":"open","template":"","meta":{"footnotes":""},"_links":{"self":[{"href":"https:\/\/portomed.com\/site\/wp-json\/wp\/v2\/pages\/26"}],"collection":[{"href":"https:\/\/portomed.com\/site\/wp-json\/wp\/v2\/pages"}],"about":[{"href":"https:\/\/portomed.com\/site\/wp-json\/wp\/v2\/types\/page"}],"author":[{"embeddable":true,"href":"https:\/\/portomed.com\/site\/wp-json\/wp\/v2\/users\/1"}],"replies":[{"embeddable":true,"href":"https:\/\/portomed.com\/site\/wp-json\/wp\/v2\/comments?post=26"}],"version-history":[{"count":11,"href":"https:\/\/portomed.com\/site\/wp-json\/wp\/v2\/pages\/26\/revisions"}],"predecessor-version":[{"id":2768,"href":"https:\/\/portomed.com\/site\/wp-json\/wp\/v2\/pages\/26\/revisions\/2768"}],"wp:attachment":[{"href":"https:\/\/portomed.com\/site\/wp-json\/wp\/v2\/media?parent=26"}],"curies":[{"name":"wp","href":"https:\/\/api.w.org\/{rel}","templated":true}]}}