{"id":2995,"date":"2020-10-01T09:51:24","date_gmt":"2020-10-01T12:51:24","guid":{"rendered":"http:\/\/portomed.com\/site\/?page_id=2995"},"modified":"2021-06-15T12:42:27","modified_gmt":"2021-06-15T15:42:27","slug":"politica-de-privacidade","status":"publish","type":"page","link":"https:\/\/portomed.com\/site\/politica-de-privacidade\/","title":{"rendered":"Pol\u00edtica de privacidade"},"content":{"rendered":"[vc_row type=&#8221;in_container&#8221; scene_position=&#8221;center&#8221; text_color=&#8221;dark&#8221; text_align=&#8221;left&#8221; overlay_strength=&#8221;0.3&#8243;][vc_column column_padding=&#8221;no-extra-padding&#8221; column_padding_position=&#8221;all&#8221; background_color_opacity=&#8221;1&#8243; background_hover_color_opacity=&#8221;1&#8243; width=&#8221;1\/1&#8243;][\/vc_column][\/vc_row][vc_row type=&#8221;in_container&#8221; scene_position=&#8221;center&#8221; text_color=&#8221;dark&#8221; text_align=&#8221;left&#8221; overlay_strength=&#8221;0.3&#8243;][vc_column column_padding=&#8221;no-extra-padding&#8221; column_padding_position=&#8221;all&#8221; background_color_opacity=&#8221;1&#8243; background_hover_color_opacity=&#8221;1&#8243; width=&#8221;1\/1&#8243;][vc_column_text]\n<h1><a name=\"_Toc444784388\"><\/a><a name=\"_Toc72399917\"><\/a><strong>1.\u00a0\u00a0 PRE\u00c2MBULO<\/strong><\/h1>\n<p>O Grupo Portomed respeita a privacidade e a prote\u00e7\u00e3o dos dados pessoais e das informa\u00e7\u00f5es de acesso dos usu\u00e1rios que acessam o seu <em>site<\/em>, bem como trata as informa\u00e7\u00f5es coletada de acordo com a legisla\u00e7\u00e3o de prote\u00e7\u00e3o de dados vigente, especialmente com a Lei n\u00ba 13.709\/2018, utilizando-se de tecnologia suficiente e adequada para a prote\u00e7\u00e3o de tais dados.<\/p>\n<h1><a name=\"_Toc72399918\"><\/a><strong>2.\u00a0\u00a0 OBJETIVO<\/strong><\/h1>\n<p>O Grupo Portomed desenvolveu a presente Pol\u00edtica de Cookies e Privacidade com a finalidade de esclarecer os usu\u00e1rios de seu <em>site<\/em> (https:\/\/portomed.com\/site\/) acerca da coleta, da utiliza\u00e7\u00e3o e do tratamento de dados durante a navega\u00e7\u00e3o.<\/p>\n<h1><a name=\"_Toc72399919\"><\/a><strong>3.\u00a0\u00a0 CONCEITOS<\/strong><\/h1>\n<ul>\n<li><u>Dados pessoais<\/u>: s\u00e3o informa\u00e7\u00f5es relacionadas a uma pessoa natural identificada ou identific\u00e1vel.<\/li>\n<li><u>Titular de dados<\/u>: pessoa natural a quem se referem os dados pessoais que s\u00e3o objeto de tratamento.<\/li>\n<li><u>Usu\u00e1rio<\/u>: pessoa f\u00edsica que interaja no <em>website<\/em> da Portomed em situa\u00e7\u00f5es em que tenha a possibilidade de disponibilizar seus dados pessoais.<\/li>\n<li><u>Tratamento<\/u>: toda opera\u00e7\u00e3o realizada com dados pessoais, como as que se referem a coleta, produ\u00e7\u00e3o, recep\u00e7\u00e3o, classifica\u00e7\u00e3o, utiliza\u00e7\u00e3o, acesso, reprodu\u00e7\u00e3o, transmiss\u00e3o, distribui\u00e7\u00e3o, processamento, arquivamento, armazenamento, elimina\u00e7\u00e3o, avalia\u00e7\u00e3o ou controle da informa\u00e7\u00e3o, modifica\u00e7\u00e3o, comunica\u00e7\u00e3o, transfer\u00eancia, difus\u00e3o ou extra\u00e7\u00e3o.<\/li>\n<li><u>Consentimento<\/u>: manifesta\u00e7\u00e3o livre, informada e inequ\u00edvoca pela qual o titular concorda com o tratamento de seus dados pessoais para uma finalidade determinada.<\/li>\n<li><em><u>Cookies<\/u><\/em>: pequenos arquivos de texto contendo informa\u00e7\u00f5es da navega\u00e7\u00e3o do usu\u00e1rio pelo <em>site<\/em> e que s\u00e3o armazenadas no navegador do computador ou no seu dispositivo m\u00f3vel. Estas informa\u00e7\u00f5es coletadas durante a navega\u00e7\u00e3o permitem a realiza\u00e7\u00e3o de determinadas funcionalidades dentro do pr\u00f3prio <em>site<\/em>, tais como obten\u00e7\u00e3o de estat\u00edsticas para melhoria e corre\u00e7\u00e3o de erros etc.<\/li>\n<li><u>Encarregado de dados<\/u>: pessoa indicada para atuar como canal de comunica\u00e7\u00e3o entre a Portomed, os titulares dos dados e a Autoridade Nacional de Prote\u00e7\u00e3o de Dados (ANPD).<\/li>\n<\/ul>\n<h1><\/h1>\n<h1><a name=\"_Toc72399920\"><\/a><strong>4.\u00a0\u00a0 COLETA DE DADOS PESSOAIS NO <em>SITE<\/em><\/strong><\/h1>\n<p>A Portomed n\u00e3o coleta dados pessoais em seu <em>site<\/em> atrav\u00e9s de <em>cookies<\/em>, apenas atrav\u00e9s de campos de formul\u00e1rios em que o usu\u00e1rio fornece seus dados de nome, <em>e-mail<\/em> e telefone para realizar solicita\u00e7\u00f5es.<\/p>\n<h2><a name=\"_Toc72399921\"><\/a><strong>4.1\u00a0\u00a0 Finalidade<\/strong><\/h2>\n<p>Os dados informados pelo usu\u00e1rio nos campos de formul\u00e1rios s\u00e3o coletados com a finalidade de processar suas solicita\u00e7\u00f5es e realizar contato futuro na resolu\u00e7\u00e3o da demanda. Os dados n\u00e3o ser\u00e3o utilizados para nenhuma finalidade diversa daquela para a qual foi dado seu consentimento.<\/p>\n<h2><a name=\"_Toc72399922\"><\/a><strong>4.2\u00a0\u00a0 Armazenamento<\/strong><\/h2>\n<p>Os dados pessoais informados nos formul\u00e1rios s\u00e3o armazenados na Pasta \u201cPublic\/Compliance\/DiretoriaCompliance\/CanalDeDen\u00fancias, pelo per\u00edodo de 10 anos.<\/p>\n<h1><a name=\"_Toc72399923\"><\/a><strong><em>5.\u00a0\u00a0 <\/em><em>COOKIES<\/em><\/strong><\/h1>\n<p>Os dois <em>cookies<\/em> utilizados pela Portomed em seu <em>site<\/em> n\u00e3o capturam automaticamente dados pessoais capazes de identificar pessoalmente o usu\u00e1rio. S\u00e3o eles:<\/p>\n<ul>\n<li><em>Cookies<\/em> de sess\u00e3o: estes <em>cookies<\/em> coletam informa\u00e7\u00f5es de prefer\u00eancia do usu\u00e1rio, como informa\u00e7\u00f5es de acesso, <em>browser<\/em>, dispositivo, regi\u00e3o, l\u00edngua etc.\n<ul>\n<li>Finalidade: os <em>cookies<\/em> de sess\u00e3o s\u00e3o utilizados para melhorar a navega\u00e7\u00e3o no <em>site<\/em>, pois permitem que o <em>site<\/em> reconhe\u00e7a o dom\u00ednio do usu\u00e1rio mesmo quando passa de uma p\u00e1gina para outra dentro do <em>site<\/em>.<\/li>\n<li>Armazenamento: os <em>cookies<\/em> de sess\u00e3o s\u00e3o tempor\u00e1rios e ser\u00e3o exclu\u00eddos automaticamente quando o usu\u00e1rio fechar seu navegador.<\/li>\n<\/ul>\n<\/li>\n<\/ul>\n<p>&nbsp;<\/p>\n<ul>\n<li><em>Cookies<\/em> permanentes: estes <em>cookies<\/em> s\u00e3o utilizados para armazenar a navega\u00e7\u00e3o entre as p\u00e1ginas do <em>site<\/em> e para validar acesso \u00e0s p\u00e1ginas que necessitam de <em>login<\/em>, capturando informa\u00e7\u00f5es de <em>login<\/em> do usu\u00e1rio, ou de que o usu\u00e1rio n\u00e3o est\u00e1 logado no <em>site<\/em>.\n<ul>\n<li>Finalidade: os <em>cookies<\/em> permanentes s\u00e3o utilizados para ajudar o <em>site<\/em> a lembrar as informa\u00e7\u00f5es e as configura\u00e7\u00f5es do usu\u00e1rio quando voltar a visitar nossa p\u00e1gina no futuro.<\/li>\n<li>Armazenamento: os <em>cookies<\/em> permanentes s\u00e3o armazenados no navegador at\u00e9 que o usu\u00e1rio deseje exclu\u00ed-los.<\/li>\n<\/ul>\n<\/li>\n<\/ul>\n<h2><a name=\"_Toc72399924\"><\/a><strong>5.1\u00a0\u00a0 Gerenciamento de <em>cookies<\/em><\/strong><\/h2>\n<p>O usu\u00e1rio poder\u00e1 gerenciar as autoriza\u00e7\u00f5es de <em>cookies<\/em> do <em>site<\/em> da Portomed, das seguintes maneiras:<\/p>\n<ul>\n<li>Atrav\u00e9s da aba \u201cConfigura\u00e7\u00f5es de <em>Cookies<\/em>\u201d, localizada na parte inferior do <em>site<\/em>.<\/li>\n<li>Atrav\u00e9s da interface do seu navegador, acessando o menu de privacidade e seguran\u00e7a do navegador, para seguir com o bloqueio e\/ou limpeza dos cookies.<\/li>\n<li>Atrav\u00e9s de contato com o Encarregado de Dados da Portomed por meio do formul\u00e1rio da p\u00e1gina \u201cPrivacidade\u201d no canto superior direito do <em>site<\/em>, solicitando a remo\u00e7\u00e3o dos seus dados de contato de formul\u00e1rios do <em>site<\/em>, momento em que todos os dados advindos do <em>site<\/em> ser\u00e3o exclu\u00eddos.<\/li>\n<\/ul>\n<h1><a name=\"_Toc72399925\"><\/a><strong>6.\u00a0\u00a0 COMPARTILHAMENTO DE DADOS PESSOAIS<\/strong><\/h1>\n<p>A Portomed n\u00e3o compartilha dados pessoais com terceiros, exceto quando autorizado pelo titular ou por for\u00e7a de lei, tampouco utiliza, cede ou comercializa qualquer tipo de espa\u00e7o publicit\u00e1rio em seu <em>site<\/em>, raz\u00e3o pela qual n\u00e3o h\u00e1 qualquer tipo de <em>cookies<\/em> de terceiros (<em>third-party cookies<\/em>) dentro do seu <em>site<\/em> nem h\u00e1 qualquer cess\u00e3o das informa\u00e7\u00f5es capturadas pelos <em>cookies<\/em> ou disponibilizadas pelo titular para terceiros.<\/p>\n<p>&nbsp;<\/p>\n<p>&nbsp;<\/p>\n<p>&nbsp;<\/p>\n[\/vc_column_text][\/vc_column][\/vc_row]\n","protected":false},"excerpt":{"rendered":"<p>[vc_row type=&#8221;in_container&#8221; scene_position=&#8221;center&#8221; text_color=&#8221;dark&#8221; text_align=&#8221;left&#8221; overlay_strength=&#8221;0.3&#8243;][vc_column column_padding=&#8221;no-extra-padding&#8221; column_padding_position=&#8221;all&#8221; background_color_opacity=&#8221;1&#8243; background_hover_color_opacity=&#8221;1&#8243; width=&#8221;1\/1&#8243;][\/vc_column][\/vc_row][vc_row type=&#8221;in_container&#8221; scene_position=&#8221;center&#8221; text_color=&#8221;dark&#8221; text_align=&#8221;left&#8221; overlay_strength=&#8221;0.3&#8243;][vc_column column_padding=&#8221;no-extra-padding&#8221; column_padding_position=&#8221;all&#8221; background_color_opacity=&#8221;1&#8243; background_hover_color_opacity=&#8221;1&#8243; width=&#8221;1\/1&#8243;][vc_column_text] 1.\u00a0\u00a0 PRE\u00c2MBULO O Grupo Portomed respeita a privacidade e&#8230;<\/p>\n","protected":false},"author":1,"featured_media":0,"parent":0,"menu_order":0,"comment_status":"closed","ping_status":"closed","template":"","meta":{"footnotes":""},"_links":{"self":[{"href":"https:\/\/portomed.com\/site\/wp-json\/wp\/v2\/pages\/2995"}],"collection":[{"href":"https:\/\/portomed.com\/site\/wp-json\/wp\/v2\/pages"}],"about":[{"href":"https:\/\/portomed.com\/site\/wp-json\/wp\/v2\/types\/page"}],"author":[{"embeddable":true,"href":"https:\/\/portomed.com\/site\/wp-json\/wp\/v2\/users\/1"}],"replies":[{"embeddable":true,"href":"https:\/\/portomed.com\/site\/wp-json\/wp\/v2\/comments?post=2995"}],"version-history":[{"count":10,"href":"https:\/\/portomed.com\/site\/wp-json\/wp\/v2\/pages\/2995\/revisions"}],"predecessor-version":[{"id":3059,"href":"https:\/\/portomed.com\/site\/wp-json\/wp\/v2\/pages\/2995\/revisions\/3059"}],"wp:attachment":[{"href":"https:\/\/portomed.com\/site\/wp-json\/wp\/v2\/media?parent=2995"}],"curies":[{"name":"wp","href":"https:\/\/api.w.org\/{rel}","templated":true}]}}